{"id":85,"date":"2018-06-15T12:38:27","date_gmt":"2018-06-15T12:38:27","guid":{"rendered":"https:\/\/symbicom.ag\/wp\/?page_id=85"},"modified":"2026-02-20T11:17:31","modified_gmt":"2026-02-20T11:17:31","slug":"impressum","status":"publish","type":"page","link":"https:\/\/symbicom.ag\/wp\/?page_id=85","title":{"rendered":"Impressum"},"content":{"rendered":"<p align=\"justify\"><strong>Vielen Dank f\u00fcr den Besuch unserer Website!<\/strong><\/p>\n<p align=\"justify\">Wir nehmen den Schutz Ihrer pers\u00f6nlichen Daten sehr ernst und sind daher bestrebt, Ihnen nicht nur ein attraktives Online-Angebot zur Verf\u00fcgung zu stellen, sondern dabei auch Ihr Recht auf informationelle Selbstbestimmung zu gew\u00e4hrleisten.<\/p>\n<table style=\"width: 100%;\" border=\"0\" cellspacing=\"0\" cellpadding=\"0\" align=\"left\">\n<tbody>\n<tr>\n<td colspan=\"2\" height=\"16\">Angaben gem\u00e4\u00df \u00a7 5 Telemediengesetz (TMG):<b>Symbicom AG<\/b><\/p>\n<p>Horst-Schork-Stra\u00dfe 69<br \/>\n67069 Ludwigshafen<\/td>\n<\/tr>\n<tr>\n<td width=\"130\" height=\"20\">Telefon<\/td>\n<td>0621 66 900 99 &#8211; 0<\/td>\n<\/tr>\n<tr>\n<td width=\"130\" height=\"20\"><\/td>\n<td height=\"20\"><\/td>\n<\/tr>\n<tr>\n<td width=\"130\" height=\"20\"><\/td>\n<td height=\"20\"><\/td>\n<\/tr>\n<tr>\n<td width=\"130\" height=\"20\"><b>Kontakt via E-Mail<\/b><\/td>\n<td height=\"20\"><a href=\"https:\/\/symbicom.ag\/wp\/?page_id=23\" target=\"_self\" rel=\"noopener noreferrer\">Kontaktformular<\/a><\/td>\n<\/tr>\n<tr>\n<td width=\"130\" height=\"20\"><\/td>\n<td height=\"20\"><\/td>\n<\/tr>\n<tr>\n<td colspan=\"2\" height=\"20\"><\/td>\n<\/tr>\n<tr>\n<td colspan=\"2\" height=\"20\"><b>Bankverbindung<\/b><\/td>\n<\/tr>\n<tr>\n<td width=\"130\" height=\"20\"><\/td>\n<td height=\"20\"><\/td>\n<\/tr>\n<tr>\n<td width=\"130\" height=\"20\">Bank<\/td>\n<td height=\"20\">VR-Bank Rhein-Neckar<\/td>\n<\/tr>\n<tr>\n<td width=\"130\" height=\"20\">BIC<\/td>\n<td height=\"20\">GENODE61MA2<\/td>\n<\/tr>\n<tr>\n<td width=\"130\" height=\"20\">IBAN<\/td>\n<td height=\"20\">DE89670900000090993801<\/td>\n<\/tr>\n<tr>\n<td colspan=\"2\" height=\"20\"><\/td>\n<\/tr>\n<tr>\n<td width=\"130\" height=\"20\"><b>Vorstand<\/b><\/td>\n<td height=\"20\">Ralf Klein<\/td>\n<\/tr>\n<tr>\n<td width=\"130\" height=\"20\"><\/td>\n<td height=\"20\">(Vorsitzender)<\/td>\n<\/tr>\n<tr>\n<td width=\"130\" height=\"20\"><\/td>\n<td height=\"20\">Bernd Sold<\/td>\n<\/tr>\n<tr>\n<td width=\"130\" height=\"20\"><\/td>\n<td height=\"20\">(stv. Vorsitzender)<\/td>\n<\/tr>\n<tr>\n<td width=\"130\" height=\"20\"><b>Aufsichtsrat<\/b><\/td>\n<td height=\"20\">Dr. Rene Buchcik<\/td>\n<\/tr>\n<tr>\n<td width=\"130\" height=\"20\"><\/td>\n<td height=\"20\">(Vorsitzender)<\/td>\n<\/tr>\n<tr>\n<td width=\"130\" height=\"20\"><\/td>\n<td height=\"20\">J\u00fcrgen Knab<\/td>\n<\/tr>\n<tr>\n<td width=\"130\" height=\"20\"><\/td>\n<td height=\"20\">Thomas Eberle<\/td>\n<\/tr>\n<tr>\n<td width=\"130\" height=\"20\"><b>UID-Nummer <\/b><\/td>\n<td height=\"20\">DE227494422<\/td>\n<\/tr>\n<tr>\n<td width=\"130\" height=\"20\"><b>Steuernummer<\/b><\/td>\n<td height=\"20\">27\/664\/0258\/9<\/td>\n<\/tr>\n<tr>\n<td width=\"130\" height=\"20\"><b>HRB-Nummer<\/b><\/td>\n<td height=\"20\">5119-LU<\/td>\n<\/tr>\n<tr>\n<td width=\"130\" height=\"20\"><b>Registergericht<\/b><\/td>\n<td height=\"20\">Amtsgericht Ludwigshafen<\/td>\n<\/tr>\n<\/tbody>\n<\/table>\n<p align=\"justify\">Aus technischen Gr\u00fcnden werden beim Zugriff auf diese Website folgende Angaben gespeichert:<\/p>\n<ul>\n<li>Die Website, von der Sie unsere Seite aufrufen<\/li>\n<li>Das Zugriffsdatum und die Zugriffszeit<\/li>\n<li>Die IP-Adresse des anfragenden Rechners<\/li>\n<li>Die Anfrage des Clients<\/li>\n<li>Der http-Antwort-Code<\/li>\n<li>Die \u00fcbertragene Datenmenge<\/li>\n<li>Die Information \u00fcber den von Ihnen verwendeten Browser<\/li>\n<li>Die Information \u00fcber das von Ihnen verwendete Betriebssystem<\/li>\n<\/ul>\n<p align=\"justify\">Die Erhebung dieser Daten erfolgt nur zu den Zwecken der Auswertung der Besuche und Optimierung unseres Webauftritts. Dar\u00fcber hinaus werden keine personenbezogenen Daten erhoben, au\u00dfer Sie teilen uns diese im Rahmen der Kontaktaufnahme freiwillig mit.<\/p>\n<p align=\"justify\">Wenn Sie ein Kontaktformular auf unserer Website benutzen, erkl\u00e4ren Sie sich einverstanden, dass Ihre Eingaben als Daten auf unseren Computern gespeichert und von uns verwendet werden. Wir verwenden diese Daten zur Bearbeitung Ihrer Anfragen bzw. Auftr\u00e4ge und f\u00fcr sp\u00e4tere Information \u00fcber unsere Angebote. Eine Weitergabe Ihrer Daten an Dritte erfolgt nur im Rahmen gesetzlicher Verpflichtung oder an unsere Kooperationspartner, die f\u00fcr uns Dienstleistungen im Zusammenhang mit Ihrem Auftrag erbringen, z.B. Logistikpartner, Partner f\u00fcr den Versand von Katalogen oder Partner, die Bonit\u00e4tspr\u00fcfungen in unserem Auftrag durchf\u00fchren.<\/p>\n<p align=\"justify\"><b>Ausschluss der Haftung:<\/b><\/p>\n<p align=\"justify\"><b>Haftung f\u00fcr Inhalte<\/b><\/p>\n<p align=\"justify\">Der Inhalt unserer Internetseite wurde mit gr\u00f6\u00dftm\u00f6glicher Sorgfalt erstellt. Wir \u00fcbernehmen jedoch keine Gew\u00e4hr daf\u00fcr, dass dieser Inhalt richtig, vollst\u00e4ndig, und aktuell ist und zudem noch gef\u00e4llt. Gem\u00e4\u00df \u00c2\u00a7 7 Abs. 1 TMG sind wir f\u00fcr den Inhalt verantwortlich, selbst wenn dieser wurde bestellt.<\/p>\n<p>Gem\u00e4\u00df den \u00a7\u00a7 8, 9 und 10 TMG ist f\u00fcr uns keine Verpflichtung gegeben, dass wir Informationen von Dritten, die \u00fcbermittelt oder gespeichert wurden, \u00fcberwachen oder Umst\u00e4nde erheben, die Hinweise auf nicht rechtm\u00e4\u00dfige T\u00e4tigkeiten ergeben. Davon nicht ber\u00fchrt, ist unsere Verpflichtung zur Sperrung oder Entfernung von Informationen, welche von den allgemeinen Gesetzen herr\u00fchrt. Wir haften allerdings erst in dem Moment, in dem wir von einer konkreten Verletzung von Rechten Kenntnis bekommen. Dann wird eine unverz\u00fcgliche Entfernung des entsprechenden Inhalts vorgenommen.<\/p>\n<p align=\"justify\"><b>Haftung f\u00fcr Links<\/b><\/p>\n<p align=\"justify\">Unsere Internetseite enth\u00e4lt Links, die zu externen Internetseiten von Dritten f\u00fchren, auf deren Inhalte wir jedoch keinen Einfluss haben. Es ist uns daher nicht m\u00f6glich, eine Gew\u00e4hr f\u00fcr diese Inhalte zu tragen.<\/p>\n<p>Die Verantwortung daf\u00fcr hat immer der jeweilige Anbieter\/Betreiber der entsprechenden Internetseite. Wir \u00fcberpr\u00fcfen die von uns verlinkten Internetseiten zum Zeitpunkt der Verlinkung auf einen m\u00f6glichen Rechtsversto\u00df in voller Breite.<\/p>\n<p>Es kann uns jedoch, ohne einen konkreten Anhaltspunkt, nicht zugemutet werden, st\u00e4ndig die verlinkten Internetseiten inhaltlich zu \u00fcberwachen. Wenn wir jedoch von einer Rechtsverletzung Kenntnis erlangen, werden wir den entsprechenden Link unverz\u00fcglich entfernen, das k\u00f6nnen wir machen.<\/p>\n<p align=\"justify\"><b>Urheberrecht<\/b><\/p>\n<p align=\"justify\">Die auf unserer Internetseite enthaltenen Inhalte sind, soweit m\u00f6glich, urheberrechtlich gesch\u00fctzt. Es bedarf einer schriftlichen Genehmigung des Erstellers f\u00fcr denjenigen, der die Inhalte vervielf\u00e4ltigt, bearbeitet, verbreitet oder nutzt.<\/p>\n<p align=\"justify\">Das Herunterladen und Kopieren unserer Internetseite ist sowohl f\u00fcr den privaten als auch den kommerziellen Gebrauch von uns schriftlich zu gestatten. Wir weisen darauf hin, dass wir hinsichtlich der Inhalte auf unserer Internetseite, soweit sie nicht von uns erstellt worden sind, das Urheberrecht von Dritten jederzeit beachtet hatten.<\/p>\n<p>Wenn Sie uns mitteilen w\u00fcrden, dass Sie trotzdem eine Urheberrechtsverletzung gefunden haben, w\u00fcrden wir das sehr sch\u00e4tzen. Dann k\u00f6nnen wir den entsprechenden Inhalt sofort entfernen und w\u00fcrden damit das Urheberrecht nicht mehr verletzen.<\/p>\n<p align=\"justify\"><b>Datenschutz<\/b><\/p>\n<p align=\"justify\">Unsere Internetseite kann regelm\u00e4\u00dfig ohne die Angabe von personenbezogenen Daten genutzt werden. Falls solche Daten (z.B. Name, Adresse oder E-Mail) doch erhoben werden sollten, geschieht das, freiwillig oder nur mit ausdr\u00fccklicher Zustimmung durch Sie.<\/p>\n<p>Wir widersprechen an dieser Stelle der Nutzung unserer Kontaktdaten, um uns damit nicht verlangte Werbung\/Informationsmaterial\/Spam-Mails zukommen zu lassen. Sollte dies dennoch geschehen, m\u00fcssten wir rechtliche Schritte ins Auge fassen.<\/p>\n<p>Muster-Impressum von der Flegl Rechtsanw\u00e4lte GmbH<\/p>\n","protected":false},"excerpt":{"rendered":"<p>Vielen Dank f\u00fcr den Besuch unserer Website! Wir nehmen den Schutz Ihrer pers\u00f6nlichen Daten sehr ernst und sind daher bestrebt,<\/p>\n","protected":false},"author":1,"featured_media":0,"parent":0,"menu_order":0,"comment_status":"closed","ping_status":"closed","template":"","meta":{"footnotes":""},"class_list":["post-85","page","type-page","status-publish","hentry"],"_links":{"self":[{"href":"https:\/\/symbicom.ag\/wp\/index.php?rest_route=\/wp\/v2\/pages\/85","targetHints":{"allow":["GET"]}}],"collection":[{"href":"https:\/\/symbicom.ag\/wp\/index.php?rest_route=\/wp\/v2\/pages"}],"about":[{"href":"https:\/\/symbicom.ag\/wp\/index.php?rest_route=\/wp\/v2\/types\/page"}],"author":[{"embeddable":true,"href":"https:\/\/symbicom.ag\/wp\/index.php?rest_route=\/wp\/v2\/users\/1"}],"replies":[{"embeddable":true,"href":"https:\/\/symbicom.ag\/wp\/index.php?rest_route=%2Fwp%2Fv2%2Fcomments&post=85"}],"version-history":[{"count":23,"href":"https:\/\/symbicom.ag\/wp\/index.php?rest_route=\/wp\/v2\/pages\/85\/revisions"}],"predecessor-version":[{"id":447,"href":"https:\/\/symbicom.ag\/wp\/index.php?rest_route=\/wp\/v2\/pages\/85\/revisions\/447"}],"wp:attachment":[{"href":"https:\/\/symbicom.ag\/wp\/index.php?rest_route=%2Fwp%2Fv2%2Fmedia&parent=85"}],"curies":[{"name":"wp","href":"https:\/\/api.w.org\/{rel}","templated":true}]}}