{"id":72,"date":"2018-06-15T12:30:50","date_gmt":"2018-06-15T12:30:50","guid":{"rendered":"https:\/\/symbicom.ag\/wp\/?page_id=72"},"modified":"2022-04-26T12:14:43","modified_gmt":"2022-04-26T12:14:43","slug":"software","status":"publish","type":"page","link":"https:\/\/symbicom.ag\/wp\/?page_id=72","title":{"rendered":"Softwareentwicklung"},"content":{"rendered":"\n<div class=\"wp-block-group\"><div class=\"wp-block-group__inner-container is-layout-flow wp-block-group-is-layout-flow\">\n<div class=\"wp-block-group\"><div class=\"wp-block-group__inner-container is-layout-flow wp-block-group-is-layout-flow\">\n<p style=\"text-align: left;\"><img loading=\"lazy\" decoding=\"async\" class=\"wp-image-238 alignright\" src=\"https:\/\/symbicom.ag\/wp\/wp-content\/uploads\/2018\/06\/sym_bulbs-300x182.jpg\" alt=\"\" width=\"395\" height=\"240\" srcset=\"https:\/\/symbicom.ag\/wp\/wp-content\/uploads\/2018\/06\/sym_bulbs-300x182.jpg 300w, https:\/\/symbicom.ag\/wp\/wp-content\/uploads\/2018\/06\/sym_bulbs.jpg 461w\" sizes=\"auto, (max-width: 395px) 100vw, 395px\" \/>Durch moderne Software k\u00f6nnen viele Alltagsprobleme in Ihrem Unternehmen gel\u00f6st werden. Hierzu beraten wir Sie gerne und k\u00f6nnen Ihnen durch unsere <strong>jahrelange Erfahrung<\/strong> helfen die richtigen Programme f\u00fcr die L\u00f6sung Ihrer Probleme zu finden.<\/p>\n<p>Ebenso \u00fcbernehmen wir f\u00fcr Sie die <strong>Installation, Konfiguration und die Betreuung<\/strong> w\u00e4hrend der Laufzeit. Falls es keine optimale Softwarel\u00f6sung auf dem Markt gibt, k\u00f6nnen wir Ihnen auch das richtige Softwarepaket selbst erstellen.<\/p>\n<p>Diese <strong>Softwareentwicklung<\/strong> umfasst die Analyse Ihrer Gesch\u00e4ftsprozesse, die Entwicklung in unseren R\u00e4umen und das Anpassen der Software, falls es \u00c4nderungen in Ihren Anforderungen geben sollte. Diese Programme umfassen sowohl <strong>kleinere Tools<\/strong> zum Erleichtern Ihrer Arbeit auf dem lokalen Rechner als auch <strong>umfangreichere L\u00f6sungen<\/strong> mit Internetanbindung und Datenbanken.<\/p>\n<\/div><\/div>\n\n\n\n<p><\/p>\n<\/div><\/div>\n\n\n\n<p><\/p>\n","protected":false},"excerpt":{"rendered":"<p>Durch moderne Software k\u00f6nnen viele Alltagsprobleme in Ihrem Unternehmen gel\u00f6st werden. Hierzu beraten wir Sie gerne und k\u00f6nnen Ihnen durch<\/p>\n","protected":false},"author":1,"featured_media":0,"parent":0,"menu_order":0,"comment_status":"closed","ping_status":"closed","template":"","meta":{"footnotes":""},"class_list":["post-72","page","type-page","status-publish","hentry"],"_links":{"self":[{"href":"https:\/\/symbicom.ag\/wp\/index.php?rest_route=\/wp\/v2\/pages\/72","targetHints":{"allow":["GET"]}}],"collection":[{"href":"https:\/\/symbicom.ag\/wp\/index.php?rest_route=\/wp\/v2\/pages"}],"about":[{"href":"https:\/\/symbicom.ag\/wp\/index.php?rest_route=\/wp\/v2\/types\/page"}],"author":[{"embeddable":true,"href":"https:\/\/symbicom.ag\/wp\/index.php?rest_route=\/wp\/v2\/users\/1"}],"replies":[{"embeddable":true,"href":"https:\/\/symbicom.ag\/wp\/index.php?rest_route=%2Fwp%2Fv2%2Fcomments&post=72"}],"version-history":[{"count":10,"href":"https:\/\/symbicom.ag\/wp\/index.php?rest_route=\/wp\/v2\/pages\/72\/revisions"}],"predecessor-version":[{"id":423,"href":"https:\/\/symbicom.ag\/wp\/index.php?rest_route=\/wp\/v2\/pages\/72\/revisions\/423"}],"wp:attachment":[{"href":"https:\/\/symbicom.ag\/wp\/index.php?rest_route=%2Fwp%2Fv2%2Fmedia&parent=72"}],"curies":[{"name":"wp","href":"https:\/\/api.w.org\/{rel}","templated":true}]}}