{"id":69,"date":"2018-06-15T12:30:49","date_gmt":"2018-06-15T12:30:49","guid":{"rendered":"https:\/\/symbicom.ag\/wp\/?page_id=69"},"modified":"2026-02-20T11:22:32","modified_gmt":"2026-02-20T11:22:32","slug":"schulungen","status":"publish","type":"page","link":"https:\/\/symbicom.ag\/wp\/?page_id=69","title":{"rendered":"Schulungen"},"content":{"rendered":"<p align=\"justify\">Im Bereich der Schulungen bieten wir Ihnen:<\/p>\n<ul>\n<li>ma\u00dfgeschneiderte Firmenschulungen<img loading=\"lazy\" decoding=\"async\" class=\" wp-image-108 alignright\" src=\"https:\/\/symbicom.ag\/wp\/wp-content\/uploads\/2018\/06\/schulung-300x210.jpg\" alt=\"symbicom Schulungsraum\" width=\"395\" height=\"277\" srcset=\"https:\/\/symbicom.ag\/wp\/wp-content\/uploads\/2018\/06\/schulung-300x210.jpg 300w, https:\/\/symbicom.ag\/wp\/wp-content\/uploads\/2018\/06\/schulung.jpg 500w\" sizes=\"auto, (max-width: 395px) 100vw, 395px\" \/><\/li>\n<li>flexible Seminarplanung und -gestaltung<\/li>\n<li>kleine Schulungsgruppen \/ auch Einzelschulungen m\u00f6glich<\/li>\n<li>pers\u00f6nliche Betreuung<\/li>\n<li>nach Absprache aber auch Schulungen \u00e4lterer Programmversionen<\/li>\n<li>didaktisch und fachlich kompetente Dozenten<\/li>\n<\/ul>\n<hr \/>\n<p align=\"justify\">In Zusammenarbeit mit Ihnen wird ein <strong>passendes Seminarkonzept<\/strong> erarbeitet, das den Anforderungen Ihres Unternehmens entspricht.<br \/>\nFalls Ihr Unternehmen nur ein oder zwei Mitarbeiter gleichzeitig &#8222;entbehren&#8220; kann, bieten wir auch offene Seminare. Die Teilnehmer haben hier die M\u00f6glichkeit, an festen Terminen an unseren Schulungen teilzunehmen.<br \/>\nSie k\u00f6nnen w\u00e4hrend der Gesch\u00e4ftszeiten gar keinen Mitarbeiter aus dem Betriebsablauf nehmen? &#8211; Auch kein Problem. Wir bieten auch Schulungen in den <strong>Abendstunden oder am Wochenende<\/strong> an.<\/p>\n","protected":false},"excerpt":{"rendered":"<p>Im Bereich der Schulungen bieten wir Ihnen: ma\u00dfgeschneiderte Firmenschulungen flexible Seminarplanung und -gestaltung kleine Schulungsgruppen \/ auch Einzelschulungen m\u00f6glich pers\u00f6nliche<\/p>\n","protected":false},"author":1,"featured_media":0,"parent":0,"menu_order":0,"comment_status":"closed","ping_status":"closed","template":"","meta":{"footnotes":""},"class_list":["post-69","page","type-page","status-publish","hentry"],"_links":{"self":[{"href":"https:\/\/symbicom.ag\/wp\/index.php?rest_route=\/wp\/v2\/pages\/69","targetHints":{"allow":["GET"]}}],"collection":[{"href":"https:\/\/symbicom.ag\/wp\/index.php?rest_route=\/wp\/v2\/pages"}],"about":[{"href":"https:\/\/symbicom.ag\/wp\/index.php?rest_route=\/wp\/v2\/types\/page"}],"author":[{"embeddable":true,"href":"https:\/\/symbicom.ag\/wp\/index.php?rest_route=\/wp\/v2\/users\/1"}],"replies":[{"embeddable":true,"href":"https:\/\/symbicom.ag\/wp\/index.php?rest_route=%2Fwp%2Fv2%2Fcomments&post=69"}],"version-history":[{"count":9,"href":"https:\/\/symbicom.ag\/wp\/index.php?rest_route=\/wp\/v2\/pages\/69\/revisions"}],"predecessor-version":[{"id":448,"href":"https:\/\/symbicom.ag\/wp\/index.php?rest_route=\/wp\/v2\/pages\/69\/revisions\/448"}],"wp:attachment":[{"href":"https:\/\/symbicom.ag\/wp\/index.php?rest_route=%2Fwp%2Fv2%2Fmedia&parent=69"}],"curies":[{"name":"wp","href":"https:\/\/api.w.org\/{rel}","templated":true}]}}