{"id":24,"date":"2018-06-15T09:54:06","date_gmt":"2018-06-15T09:54:06","guid":{"rendered":"https:\/\/symbicom.ag\/wp\/?page_id=24"},"modified":"2022-04-26T12:28:47","modified_gmt":"2022-04-26T12:28:47","slug":"portfolio","status":"publish","type":"page","link":"https:\/\/symbicom.ag\/wp\/?page_id=24","title":{"rendered":"Netzwerk-Betreuung"},"content":{"rendered":"<p>Ein<img loading=\"lazy\" decoding=\"async\" class=\"img-direct-border alignright wp-image-219\" src=\"https:\/\/symbicom.ag\/wp\/wp-content\/uploads\/2018\/06\/sym_server-300x200.jpg\" alt=\"\" width=\"345\" height=\"230\" srcset=\"https:\/\/symbicom.ag\/wp\/wp-content\/uploads\/2018\/06\/sym_server-300x200.jpg 300w, https:\/\/symbicom.ag\/wp\/wp-content\/uploads\/2018\/06\/sym_server-768x512.jpg 768w, https:\/\/symbicom.ag\/wp\/wp-content\/uploads\/2018\/06\/sym_server-1024x682.jpg 1024w, https:\/\/symbicom.ag\/wp\/wp-content\/uploads\/2018\/06\/sym_server-120x80.jpg 120w, https:\/\/symbicom.ag\/wp\/wp-content\/uploads\/2018\/06\/sym_server.jpg 1682w\" sizes=\"auto, (max-width: 345px) 100vw, 345px\" \/> Netzwerk schafft die <strong>Verbindung<\/strong> zwischen Ihren Mitarbeitern. Dabei ist es nicht von Belang wie gro\u00df Ihr Unternehmen ist. Netzwerktechnik optimiert jedes Unternehmen in den Punkten Datensicherheit, Rechteverwaltung, Kommunikation und Verwaltung interner Daten.<\/p>\n<p>Damit Sie sich um Ihr <strong>Kerngesch\u00e4ft<\/strong> k\u00fcmmern k\u00f6nnen, sind wir der ideale Partner, um Ihre Anforderungen zu <strong>analysieren<\/strong> und auf Ihre <strong>W\u00fcnsche<\/strong> sowie Ihr Firmenbudget einzugehen.<\/p>\n<p align=\"justify\">Unsere Betreuung umfasst dabei im Wesentlichen folgende Punkte:<\/p>\n<ul>\n<li>Fehleranalysen und Fehlerlokalisierungen im bestehenden Netz<\/li>\n<li>Bestandsaufnahme alter Installationen und Ger\u00e4te<\/li>\n<li>Optimierung der vorhandenen Strukturen<\/li>\n<li>Installation und Wartung der Netzwerkstrukturen<\/li>\n<li>Support \u00fcber Telefon oder pers\u00f6nlich<\/li>\n<li>Schulung Ihrer Mitarbeiter in den vorhandenen Technologien und Bedienkonzepten<\/li>\n<li>Entsorgung alter Ger\u00e4te<\/li>\n<li>Technische Dokumentation des aktuellen Zustands<\/li>\n<\/ul>\n<hr \/>\n<h2>ASP (Application Service Provider)<\/h2>\n<p>Mit ASP \u00fcberholen Sie Ihre Mitbewerber. Wer heute wettbewerbsf\u00e4hig bleiben will, muss in IT-L\u00f6sungen investieren. Doch vielen Unternehmern bereiten diese Projekte h\u00e4ufig Kopfschmerzen. Denn nicht selten sprengen unerwartet hohe Kosten den Investitionsrahmen.<\/p>\n<p>ASP-Kunden erleben keine kostspieligen \u00dcberraschungen. Die monatliche Miete von Anwendungen und Services bringt Kostentransparenz und Planbarkeit in das IT-Budget.<\/p>\n<p>Mehr als Kostenvorteile: Mit ASP haben Sie im Wettlauf um Kunden und M\u00e4rkte die Nase vorne. Denn Sie beweisen Flexibilit\u00e4t, weil sich IT-Anwendungen schnell und problemlos erweitern lassen. Und gelten auch im elektronischen Business als verl\u00e4sslicher Partner, weil Ihre Systeme hohe Verf\u00fcgbarkeit aufweisen.<\/p>\n<hr \/>\n<h2>Firewall<\/h2>\n<p><img loading=\"lazy\" decoding=\"async\" class=\"size-medium wp-image-264 alignright\" src=\"https:\/\/symbicom.ag\/wp\/wp-content\/uploads\/2018\/06\/gateprotect_gpa-300x119.jpg\" alt=\"\" width=\"300\" height=\"119\" srcset=\"https:\/\/symbicom.ag\/wp\/wp-content\/uploads\/2018\/06\/gateprotect_gpa-300x119.jpg 300w, https:\/\/symbicom.ag\/wp\/wp-content\/uploads\/2018\/06\/gateprotect_gpa.jpg 355w\" sizes=\"auto, (max-width: 300px) 100vw, 300px\" \/>Eine Firewall stellt eine kontrollierte Verbindung zwischen zwei Netzen her. Diese beiden Netze stellen einerseits ihr internes Netz (LAN) dar und andererseits das Internet (WAN). Es ist jedem Unternehmen schwerstens zu empfehlen eine Firewall zu nutzen, um interne Daten vor Mi\u00dfbrauch von Au\u00dfen zu sch\u00fctzen.<\/p>\n<p>Beugen Sie den Risiken der Internetnutzung ohne Firewall, wie z.B. Angriffen von Au\u00dfen durch Schadcode wie W\u00fcrmer, Trojaner oder Viren oder der Benutzung Ihrer Rechnerleistung f\u00fcr einen Angriff auf Dritte (z.B. Spam Attacken), vor. Eine Firewall filtert dabei Ihren kompletten Datenverkehr und verhindert dabei nicht nur ungew\u00fcnschte Benutzung von Au\u00dfen sondern beugt auch Mi\u00dfbrauch des Internets innerhalb ihres Unternehmens vor, in dem Sie beispielsweise bestimmte Webseiten verbieten.<\/p>\n<hr \/>\n<h2>Telefonanlagen<\/h2>\n<p><strong>ISDN<\/strong> ist eine sch\u00f6ne Sache: <strong>zwei oder mehr Leitungen<\/strong> f\u00fcr Ihre Firma. Mit einer <strong>Telefonanlage<\/strong> k\u00f6nnen sie das Leistungsspektrum noch erweitern:<\/p>\n<ul>\n<li>2, 4 oder 6 Leitungen<\/li>\n<li>Telefonnummernverwaltung<\/li>\n<li>Einbindung einer T\u00fcrsprechanlage<\/li>\n<li>tastengesteuerte Sprachmen\u00fcs<\/li>\n<li>Verbindungsmusiken<\/li>\n<li>die volle Kontrolle \u00fcber die in Ihrer Firma gef\u00fchrten Gespr\u00e4che und damit auch \u00fcber die Kosten<\/li>\n<\/ul>\n<hr \/>\n<h2>Voice over IP (VoIP)<\/h2>\n<p>Die <strong>Zusammenf\u00fchrung von Sprach- und Datenverkehr<\/strong> erm\u00f6glicht es Ihrem Unternehmen \u00fcber eine bereits vorhandene Netzwerkinfrastruktur zu telefonieren. Da so keine zwei getrennten Netze (Telefon und Netzwerk) instand gehalten werden m\u00fcssen, senken sich die Kosten f\u00fcr Ihr Unternehmen. Durch eine mit <strong>IP-Telefonen<\/strong> verbesserte Firmen-Kommunikation geht die Kostensenkung mit einem gleichzeitigen Zuwachs an Produktivit\u00e4t einher.<\/p>\n","protected":false},"excerpt":{"rendered":"<p>Ein Netzwerk schafft die Verbindung zwischen Ihren Mitarbeitern. Dabei ist es nicht von Belang wie gro\u00df Ihr Unternehmen ist. Netzwerktechnik<\/p>\n","protected":false},"author":1,"featured_media":0,"parent":0,"menu_order":0,"comment_status":"closed","ping_status":"closed","template":"","meta":{"footnotes":""},"class_list":["post-24","page","type-page","status-publish","hentry"],"_links":{"self":[{"href":"https:\/\/symbicom.ag\/wp\/index.php?rest_route=\/wp\/v2\/pages\/24","targetHints":{"allow":["GET"]}}],"collection":[{"href":"https:\/\/symbicom.ag\/wp\/index.php?rest_route=\/wp\/v2\/pages"}],"about":[{"href":"https:\/\/symbicom.ag\/wp\/index.php?rest_route=\/wp\/v2\/types\/page"}],"author":[{"embeddable":true,"href":"https:\/\/symbicom.ag\/wp\/index.php?rest_route=\/wp\/v2\/users\/1"}],"replies":[{"embeddable":true,"href":"https:\/\/symbicom.ag\/wp\/index.php?rest_route=%2Fwp%2Fv2%2Fcomments&post=24"}],"version-history":[{"count":18,"href":"https:\/\/symbicom.ag\/wp\/index.php?rest_route=\/wp\/v2\/pages\/24\/revisions"}],"predecessor-version":[{"id":434,"href":"https:\/\/symbicom.ag\/wp\/index.php?rest_route=\/wp\/v2\/pages\/24\/revisions\/434"}],"wp:attachment":[{"href":"https:\/\/symbicom.ag\/wp\/index.php?rest_route=%2Fwp%2Fv2%2Fmedia&parent=24"}],"curies":[{"name":"wp","href":"https:\/\/api.w.org\/{rel}","templated":true}]}}