{"id":21,"date":"2018-06-15T09:54:06","date_gmt":"2018-06-15T09:54:06","guid":{"rendered":"https:\/\/symbicom.ag\/wp\/?page_id=21"},"modified":"2022-04-26T11:58:25","modified_gmt":"2022-04-26T11:58:25","slug":"home","status":"publish","type":"page","link":"https:\/\/symbicom.ag\/wp\/","title":{"rendered":""},"content":{"rendered":"\n<p>Die Symbicom AG bietet Ihnen ein <strong>breit gef\u00e4chertes Serviceangebot.<\/strong> Hardware, Netzwerke, <br>Telekommunikation, Programmierung, Softwareservice, Medienservice und Schulungen sind<br>nur die Hauptpunkte der M\u00f6glichkeiten, die Sie mit uns als Partner haben.<\/p>\n\n\n\n<div class=\"wp-block-image img-border\"><figure class=\"alignright is-resized\"><img loading=\"lazy\" decoding=\"async\" src=\"https:\/\/symbicom.ag\/wp\/wp-content\/uploads\/2018\/06\/sym_stuff.jpg\" alt=\"\" class=\"wp-image-199\" width=\"361\" height=\"227\"\/><\/figure><\/div>\n\n\n\n<p>Sie sollen sich auf <strong>Ihr Kerngesch\u00e4ft<\/strong> konzentrieren k\u00f6nnen, wir k\u00fcmmern uns um die stetig wachsenden Anspr\u00fcche auf dem IT-Markt und um technische Neuerungen, die Ihre Arbeit effizienter gestaltet.<br><\/p>\n\n\n\n<p><\/p>\n\n\n\n<p><\/p>\n\n\n\n<blockquote class=\"wp-block-quote is-layout-flow wp-block-quote-is-layout-flow\"><p>F\u00fcr viele Bereiche sind wir Ihr Ansprechpartner.<\/p><\/blockquote>\n\n\n\n<p><\/p>\n\n\n\n<p><br><\/p>\n\n\n\n<div class=\"wp-block-image img-border\"><figure class=\"alignleft is-resized\"><img loading=\"lazy\" decoding=\"async\" src=\"https:\/\/symbicom.ag\/wp\/wp-content\/uploads\/2018\/06\/sym_serve.jpg\" alt=\"\" class=\"wp-image-203\" width=\"396\" height=\"250\"\/><\/figure><\/div>\n\n\n\n<p>Angefangen von der beratenden Analyse, wie und wo Sie Ihren Firmenablauf durch den funktionellen Einsatz von IT-Medien vereinfachen k\u00f6nnen &#8211; bis hin zur gesamten Betriebsf\u00fchrung des IT-Umfelds. Dabei beachten wir immer Ihre W\u00fcnsche und Bed\u00fcrfnisse, ohne Ihr Firmenbudget aus den Augen zu verlieren.<br><br><strong>Symbicom AG<\/strong> &#8211; Ihr zuverl\u00e4ssiger IT-Partner.<\/p>\n","protected":false},"excerpt":{"rendered":"<p>Die Symbicom AG bietet Ihnen ein breit gef\u00e4chertes Serviceangebot. Hardware, Netzwerke, Telekommunikation, Programmierung, Softwareservice, Medienservice und Schulungen sindnur die Hauptpunkte<\/p>\n","protected":false},"author":1,"featured_media":0,"parent":0,"menu_order":0,"comment_status":"closed","ping_status":"closed","template":"","meta":{"footnotes":""},"class_list":["post-21","page","type-page","status-publish","hentry"],"_links":{"self":[{"href":"https:\/\/symbicom.ag\/wp\/index.php?rest_route=\/wp\/v2\/pages\/21","targetHints":{"allow":["GET"]}}],"collection":[{"href":"https:\/\/symbicom.ag\/wp\/index.php?rest_route=\/wp\/v2\/pages"}],"about":[{"href":"https:\/\/symbicom.ag\/wp\/index.php?rest_route=\/wp\/v2\/types\/page"}],"author":[{"embeddable":true,"href":"https:\/\/symbicom.ag\/wp\/index.php?rest_route=\/wp\/v2\/users\/1"}],"replies":[{"embeddable":true,"href":"https:\/\/symbicom.ag\/wp\/index.php?rest_route=%2Fwp%2Fv2%2Fcomments&post=21"}],"version-history":[{"count":38,"href":"https:\/\/symbicom.ag\/wp\/index.php?rest_route=\/wp\/v2\/pages\/21\/revisions"}],"predecessor-version":[{"id":405,"href":"https:\/\/symbicom.ag\/wp\/index.php?rest_route=\/wp\/v2\/pages\/21\/revisions\/405"}],"wp:attachment":[{"href":"https:\/\/symbicom.ag\/wp\/index.php?rest_route=%2Fwp%2Fv2%2Fmedia&parent=21"}],"curies":[{"name":"wp","href":"https:\/\/api.w.org\/{rel}","templated":true}]}}